{"id":50,"date":"2023-11-18T16:48:49","date_gmt":"2023-11-18T15:48:49","guid":{"rendered":"https:\/\/academy.novogenia.com\/en\/?page_id=50"},"modified":"2023-11-27T17:06:37","modified_gmt":"2023-11-27T16:06:37","slug":"imprint","status":"publish","type":"page","link":"https:\/\/academy.novogenia.com\/en\/imprint\/","title":{"rendered":"Imprint"},"content":{"rendered":"\t\t<div data-elementor-type=\"wp-page\" data-elementor-id=\"50\" class=\"elementor elementor-50\" data-elementor-post-type=\"page\">\n\t\t\t\t<div class=\"elementor-element elementor-element-556cea3 e-flex e-con-boxed e-con e-parent\" data-id=\"556cea3\" data-element_type=\"container\">\n\t\t\t\t\t<div class=\"e-con-inner\">\n\t\t\t\t<div class=\"elementor-element elementor-element-96954ce elementor-widget elementor-widget-heading\" data-id=\"96954ce\" data-element_type=\"widget\" data-widget_type=\"heading.default\">\n\t\t\t\t<div class=\"elementor-widget-container\">\n\t\t\t\t\t<h1 class=\"elementor-heading-title elementor-size-default\">Impressum<\/h1>\t\t\t\t<\/div>\n\t\t\t\t<\/div>\n\t\t\t\t<div class=\"elementor-element elementor-element-454751d elementor-widget elementor-widget-text-editor\" data-id=\"454751d\" data-element_type=\"widget\" data-widget_type=\"text-editor.default\">\n\t\t\t\t<div class=\"elementor-widget-container\">\n\t\t\t\t\t\t\t\t\t<p><strong>Novogenia Marketing GmbH<\/strong><br \/><strong>Strass 19 \u2013 5301 Eugendorf \/ \u00d6sterreich<\/strong><br \/><strong>Email: <a href=\"mailto:service@novogenia.com\">service@novogenia.com<\/a><\/strong><br \/><strong>Web: novogenia.com<\/strong><\/p><p>Gesch\u00e4ftsf\u00fchrer: Matthias Probst<br \/>Wirtschaftlicher Eigent\u00fcmer: Darwin AG<br \/>Firmenbuchnummer: FN 531162 x<br \/>Gerichtsstand: Salzburg<br \/>Bank: Salzburger Sparkasse Bank AG<br \/>IBAN AT85 2040 4000 4253 9429<br \/>BIC: SBGSAT2SXXX<br \/>SteuerNr: 93 254\/6948<br \/>UID-Nummer der Novogenia Marketing GmbH: ATU75458979<br \/>UID-Nummer der Novogenia GmbH: ATU64713304<\/p><p><strong>Aufsichtsbeh\u00f6rden:<\/strong><br \/>Bezirkshauptmannschaft Salzburg-Umgebung<br \/>Karl-Wurmb-Stra\u00dfe 17, 5020 Salzburg<br \/>Tel. 00436628180-0<br \/>E-Mail: <a href=\"mailto:bh-sl@salzburg.gv.at\">bh-sl@salzburg.gv.at<\/a><br \/>Bundesministerium Soziales, Gesundheit, Pflege und Konsumentenschutz<br \/>Stubenring 1, 1010 Wien<br \/>Tel. 0043800201611<br \/>E-Mail: <a href=\"mailto:buergerservice@sozialministerium.at\">buergerservice@sozialministerium.at<\/a><\/p><p><strong>Mitgliedschaften:<\/strong><br \/>Wirtschaftskammer \u00d6sterreich\/Salzburg<\/p><p><strong>Rechtsvorschriften:<\/strong><br \/>Gewerbeordnung 1994 und Gentechnikgesetz,<br \/>abrufbar unter <a href=\"http:\/\/www.ris.bka.gv.at\/\" target=\"_blank\" rel=\"noopener\">risbka.gv.at<\/a><br \/><a href=\"https:\/\/novogenia.com\/datenschutzerklaerung\/\" target=\"_blank\" rel=\"noopener\">Datenschutzbestimmungen<\/a><br \/>Bild- und Videomaterial: <a href=\"https:\/\/novogenia.com\/datenschutzerklaerung\/\" target=\"_blank\" rel=\"noopener\">novogenia.com<\/a><\/p>\t\t\t\t\t\t\t\t<\/div>\n\t\t\t\t<\/div>\n\t\t\t\t\t<\/div>\n\t\t\t\t<\/div>\n\t\t\t\t<\/div>\n\t\t","protected":false},"excerpt":{"rendered":"<p>Impressum Novogenia Marketing GmbHStrass 19 \u2013 5301 Eugendorf \/ \u00d6sterreichEmail: service@novogenia.comWeb: novogenia.com Gesch\u00e4ftsf\u00fchrer: Matthias ProbstWirtschaftlicher Eigent\u00fcmer: Darwin AGFirmenbuchnummer: FN 531162 xGerichtsstand: SalzburgBank: Salzburger Sparkasse Bank AGIBAN AT85 2040 4000 4253 9429BIC: SBGSAT2SXXXSteuerNr: 93 254\/6948UID-Nummer der Novogenia Marketing GmbH: ATU75458979UID-Nummer der Novogenia GmbH: ATU64713304 Aufsichtsbeh\u00f6rden:Bezirkshauptmannschaft Salzburg-UmgebungKarl-Wurmb-Stra\u00dfe 17, 5020 SalzburgTel. 00436628180-0E-Mail: bh-sl@salzburg.gv.atBundesministerium Soziales, Gesundheit, Pflege und KonsumentenschutzStubenring [&hellip;]<\/p>\n","protected":false},"author":2,"featured_media":0,"parent":0,"menu_order":0,"comment_status":"closed","ping_status":"closed","template":"","meta":{"footnotes":""},"class_list":["post-50","page","type-page","status-publish","hentry"],"_links":{"self":[{"href":"https:\/\/academy.novogenia.com\/en\/wp-json\/wp\/v2\/pages\/50","targetHints":{"allow":["GET"]}}],"collection":[{"href":"https:\/\/academy.novogenia.com\/en\/wp-json\/wp\/v2\/pages"}],"about":[{"href":"https:\/\/academy.novogenia.com\/en\/wp-json\/wp\/v2\/types\/page"}],"author":[{"embeddable":true,"href":"https:\/\/academy.novogenia.com\/en\/wp-json\/wp\/v2\/users\/2"}],"replies":[{"embeddable":true,"href":"https:\/\/academy.novogenia.com\/en\/wp-json\/wp\/v2\/comments?post=50"}],"version-history":[{"count":8,"href":"https:\/\/academy.novogenia.com\/en\/wp-json\/wp\/v2\/pages\/50\/revisions"}],"predecessor-version":[{"id":961,"href":"https:\/\/academy.novogenia.com\/en\/wp-json\/wp\/v2\/pages\/50\/revisions\/961"}],"wp:attachment":[{"href":"https:\/\/academy.novogenia.com\/en\/wp-json\/wp\/v2\/media?parent=50"}],"curies":[{"name":"wp","href":"https:\/\/api.w.org\/{rel}","templated":true}]}}