{"id":3,"date":"2023-11-17T10:45:56","date_gmt":"2023-11-17T10:45:56","guid":{"rendered":"https:\/\/academy.novogenia.com\/de\/?page_id=3"},"modified":"2023-11-21T16:44:05","modified_gmt":"2023-11-21T15:44:05","slug":"datenschutz","status":"publish","type":"page","link":"https:\/\/academy.novogenia.com\/de\/datenschutz\/","title":{"rendered":"Datenschutz"},"content":{"rendered":"\t\t<div data-elementor-type=\"wp-page\" data-elementor-id=\"3\" class=\"elementor elementor-3\" data-elementor-post-type=\"page\">\n\t\t\t\t<div class=\"elementor-element elementor-element-cd563b7 e-flex e-con-boxed e-con e-parent\" data-id=\"cd563b7\" data-element_type=\"container\">\n\t\t\t\t\t<div class=\"e-con-inner\">\n\t\t\t\t<div class=\"elementor-element elementor-element-e088e5e elementor-widget elementor-widget-heading\" data-id=\"e088e5e\" data-element_type=\"widget\" data-widget_type=\"heading.default\">\n\t\t\t\t<div class=\"elementor-widget-container\">\n\t\t\t\t\t<h1 class=\"elementor-heading-title elementor-size-default\">Datenschutz<\/h1>\t\t\t\t<\/div>\n\t\t\t\t<\/div>\n\t\t\t\t<div class=\"elementor-element elementor-element-72e9aab elementor-widget elementor-widget-text-editor\" data-id=\"72e9aab\" data-element_type=\"widget\" data-widget_type=\"text-editor.default\">\n\t\t\t\t<div class=\"elementor-widget-container\">\n\t\t\t\t\t\t\t\t\tnach Artikel 13 DSGVO\n\nWir freuen uns \u00fcber Ihr Interesse an unserem Internetauftritt. Das Vertrauen aller Besucher und Kunden, die Sicherheit Ihrer Daten und der Schutz Ihrer Privatsph\u00e4re sind f\u00fcr uns von zentraler Bedeutung.\n\nIhre personenbezogenen Daten werden von uns daher gem\u00e4\u00df den g\u00fcltigen gesetzlichen Datenschutzvorschriften und dieser Datenschutzerkl\u00e4rung behandelt. Personenbezogene Daten sind Informationen, die dazu genutzt werden k\u00f6nnen, um Ihre Identit\u00e4t zu erfahren. Typische personenbezogene Daten sind u.a. Name, Vorname, Adresse, Telefonnummer, IP-Adresse, Cookies und E-Mail-Adresse.\n\nWenn Sie unsere Webseite ansehen und benutzen oder uns anderweitig ausdr\u00fccklich Informationen \u00fcbermitteln, verarbeiten wir die Daten, die uns mit jeder Anfrage Ihres Browsers automatisch \u00fcbermittelt werden (siehe dazu den Abschnitt &#8222;Protokoll-Daten&#8220;). Sofern Sie uns freiwillig personenbezogene Daten \u00fcbermitteln, erfolgt die Verarbeitung ausschlie\u00dflich zweckgebunden an die Anfrage bzw. den jeweiligen Auftrag. Wir weisen Sie darauf hin, dass eine Daten\u00fcbertragung im Internet nie vollst\u00e4ndig gegen einen Zugriff durch Dritte gesch\u00fctzt werden kann.\n\nNachfolgend m\u00f6chten wir Ihnen in den einzelnen Abschnitten n\u00e4her erl\u00e4utern, welche Daten wir wann und zu welchem Zweck verarbeiten. Es wird erkl\u00e4rt, wie unsere angebotenen Dienste arbeiten und wie hierbei der Schutz Ihrer personenbezogenen Daten gew\u00e4hrleistet wird.\n<h2>Name und Anschrift der(s) Verantwortlichen:<\/h2>\nDer Verantwortliche im Sinne der EU-Datenschutz-Grundverordnung sowie sonstiger datenschutzrechtlicher Bestimmungen ist:\n\nNovogenia Marketing GmbH\nStrass 19,\u00a0 5301 Eugendorf\n\nservice@novogenia.com\n<h2>Rechtsgrundlage f\u00fcr die Verarbeitung personenbezogener Daten<\/h2>\nWir d\u00fcrfen als Anbieter lediglich dann personenbezogene Daten der Webseiten-Besucher verarbeiten, wenn eine der nachfolgend erl\u00e4uterten Voraussetzungen als Rechtsgrundlage vorliegt:\n\nSofern wir f\u00fcr Verarbeitungsprozesse personenbezogener Daten eine Einwilligung der betroffenen Person einholen, dient Art. 6 Abs. 1 lit. a DSGVO als Rechtsgrundlage.\n\nF\u00fcr die Verarbeitung von personenbezogenen Daten, die zur Erf\u00fcllung eines Vertrages, dessen Vertragspartei die betroffene Person ist, erforderlich ist, dient Art. 6 Abs. 1 lit. b DSGVO als Rechtsgrundlage. Dies gilt auch f\u00fcr Verarbeitungsvorg\u00e4nge, die zur Durchf\u00fchrung vorvertraglicher Ma\u00dfnahmen erforderlich sind.\n\nSofern eine Verarbeitung personenbezogener Daten zur Erf\u00fcllung einer rechtlichen Verpflichtung erforderlich ist, der unser Unternehmen unterliegt, dient Art. 6 Abs. 1 lit. c DSGVO als Rechtsgrundlage.\n\nF\u00fcr den Fall, dass lebenswichtige Interessen der betroffenen Person oder einer anderen nat\u00fcrlichen Person eine Verarbeitung personenbezogener Daten erforderlich machen, dient Art. 6 Abs. 1 lit. d DSGVO als Rechtsgrundlage.\n\nIst die Verarbeitung zur Wahrung eines berechtigten Interesses unseres Unternehmens oder eines Dritten erforderlich und \u00fcberwiegen die Interessen, Grundrechte und Grundfreiheiten des Betroffenen das erstgenannte Interesse nicht, so dient Art. 6 Abs. 1 lit. f DSGVO als Rechtsgrundlage f\u00fcr die Datenverarbeitung.\n<h2>Datenl\u00f6schung und Speicherdauer<\/h2>\nDie personenbezogenen Daten der betroffenen Person werden gel\u00f6scht, sobald der Zweck der Speicherung entf\u00e4llt.\n\nEine Speicherung kann dar\u00fcber hinaus erfolgen, wenn dies durch europ\u00e4ische oder nationale Gesetze oder sonstigen Vorschriften, denen der Verantwortliche unterliegt, vorgesehen wurde.\n\nEine Sperrung oder L\u00f6schung der Daten erfolgt auch dann, wenn eine durch die genannten Vorschriften vorgeschriebene Speicherfrist abl\u00e4uft, es sei denn, dass eine Erforderlichkeit zur weiteren Speicherung der Daten f\u00fcr einen Vertragsabschluss oder eine Vertragserf\u00fcllung besteht.\n<h2>Kontaktaufnahme<\/h2>\nBei der Kontaktaufnahme mit uns (z.B. per Kontaktformular, E-Mail, Telefon oder via sozialer Medien) werden Ihre Angaben zur Bearbeitung der Kontaktanfrage und deren Abwicklung gem. Art. 6 Abs. 1 lit. b) DSGVO (sogenannte vorvertragliche Ma\u00dfnahme) verarbeitet.\n\nWir l\u00f6schen die Anfragen, sofern diese nicht mehr erforderlich sind. Wir \u00fcberpr\u00fcfen diese Erforderlichkeit alle zwei Jahre. Ferner gelten die gesetzlichen Archivierungspflichten.\n<h3>Rechtsgrundlage<\/h3>\nDie Rechtsgrundlage der Verarbeitung dieser Daten sind sogenannte vorvertragliche Ma\u00dfnahmen gem. Art. 6 Abs. 1 lit. b) DSGVO\n<h2>Protokoll-Daten<\/h2>\nDer Anbieter der Internetdienste (Provider) erhebt automatisiert &#8222;Protokoll-Daten&#8220; in Server-Logfiles.\n\nDie Protokoll-Daten umfassen folgende Informationen:\n<ul>\n \t<li>Datum und Uhrzeit der jeweiligen Anfrage<\/li>\n \t<li>Internetadresse (URL), die angefragt wurde<\/li>\n \t<li>URL, die der Besucher unmittelbar zuvor besucht hat (Referrer)<\/li>\n \t<li>Verwendeter Browser und Sprache<\/li>\n \t<li>Verwendetes Betriebssystem<\/li>\n \t<li>IP-Adresse und Hostname des Besuchers<\/li>\n \t<li>Zugriffsstatus \/ http-Statuscode<\/li>\n \t<li>jeweils \u00fcbertragene Datenmenge<\/li>\n<\/ul>\nDie \u00dcbermittlung dieser Daten an uns erfolgt automatisch und diese Daten k\u00f6nnen Ihrer Person mit verh\u00e4ltnism\u00e4\u00dfigem Aufwand nicht zugeordnet werden.\n<h3>Rechtsgrundlage<\/h3>\nDie Rechtsgrundlage der Verarbeitung dieser Daten ist unser berechtigtes Interesse gem\u00e4\u00df Art. 6 Absatz 1 Satz 1 lit. f DSGVO.\n\nDie Protokollierung dient der Zugriffskontrolle und \u00dcberwachung der technischen Prozesse und deren Optimierung.\n\nEine Weitergabe an Dritte, au\u00dfer an Strafverfolgungsbeh\u00f6rden nach richterlicher Anordnung im Anlassfall, erfolgt nicht.\n\nDie Daten werden gel\u00f6scht, sobald sie f\u00fcr die Erreichung des Zweckes ihrer Erhebung nicht mehr erforderlich sind, bzw. nach Erreichung der gesetzlich vorgegebenen L\u00f6schfrist.\n\nEs besteht folglich seitens des Nutzers keine Widerspruchsm\u00f6glichkeit.\n<h2>Ihre Rechte<\/h2>\nSie haben ein Recht auf unentgeltliche Auskunft \u00fcber die bei uns zu Ihrer Person gespeicherten Daten sowie ggf. ein Recht auf Berichtigung, Einschr\u00e4nkung der Verarbeitung oder L\u00f6schung dieser Daten. Ebenfalls haben Sie das Recht auf Daten\u00fcbertragbarkeit. Schlie\u00dflich haben Sie auch das Recht, sich \u00fcber die Verarbeitung Ihrer pers\u00f6nlichen Daten durch uns bei der Datenschutz-Aufsichtsbeh\u00f6rde zu beschweren.\n<h2>Widerspruchsrecht<\/h2>\nWir weisen Sie zudem darauf hin, dass Sie der k\u00fcnftigen Verarbeitung Ihrer personenbezogenen Daten entsprechend den gesetzlichen Vorgaben gem. Art. 21 DSGVO zu jeder Zeit widersprechen k\u00f6nnen. Der Widerspruch kann insbesondere gegen die Verarbeitung f\u00fcr Zwecke der Direktwerbung erfolgen.\n<h2>Recht auf Erteilung von Ausk\u00fcnften<\/h2>\nBei Fragen zur Erhebung, Verarbeitung oder Nutzung Ihrer personenbezogenen Daten, f\u00fcr Ausk\u00fcnfte, f\u00fcr die Berichtigung, Sperrung oder L\u00f6schung von Daten sowie zum Widerruf ggf. erteilter Einwilligungen oder zum Widerspruch gegen eine bestimmte Datenverwendung wenden Sie sich bitte unter Verwendung der folgenden E-Mail-Adresse an uns:\n\nservice@novogenia.com\n<h2>Verschl\u00fcsselung durch SSL \/ TLS<\/h2>\nAus Sicherheitsgr\u00fcnden benutzt unsere Webseite eine SSL bzw. TLS-Verschl\u00fcsselung. Damit werden \u00fcbertragene Daten gesch\u00fctzt und k\u00f6nnen nicht von Dritten gelesen werden. Sie k\u00f6nnen eine erfolgreiche Verschl\u00fcsselung daran erkennen, dass sich die Protokollbezeichnung im der Statusleiste des Browsers von &#8222;http:\/\/&#8220; in &#8222;https:\/\/&#8220; \u00e4ndert und dass dort ein geschlossenes Schloss-Symbol sichtbar ist.\n<h2>Webhosting \u00fcber Hetzner Online<\/h2>\nWir nutzen die Dienste der\u00a0Hetzner Online GmbH, Industriestr. 25, 91710 Gunzenhausen, Deutschland (\u201eHetzner Online\u201c) zum Webhosting f\u00fcr unsere Webseiten und haben dazu einen Vertrag zur Auftragsverarbeitung gem\u00e4\u00df Art. 28 DSGVO mit Hetzner abgeschlossen.\nWeitere Informationen erhalten sie in der Datenschutzerkl\u00e4rung von Hetzner unter\n\n<a href=\"https:\/\/www.hetzner.de\/rechtliches\/datenschutz\/\">https:\/\/www.hetzner.de\/rechtliches\/datenschutz\/<\/a>\n<h3>Rechtsgrundlage<\/h3>\nDie Rechtsgrundlage der Verarbeitung dieser Daten ist unser berechtigtes Interesse des Betriebes und Erhalt der Betriebssicherheit dieser Webseiten gem\u00e4\u00df Art. 6 Absatz 1 lit. f DSGVO.\n<h2>Google Web Fonts<\/h2>\nWir verwenden Google Web-Fonts. Alle Schriftarten werden lokal geladen. Es werden keine personenbezogenen Daten bei Verwendung vorgenannter Schriftarten an Dritte weitergeleitet.\n<h2>&#8222;Teilen&#8220;-Funktion f\u00fcr soziale Netzwerke<\/h2>\nWir nutzen die Teilen Funktion auf unserer Webseite f\u00fcr Social Media Kan\u00e4le:\nDiese Social Media Kan\u00e4le k\u00f6nnen insbesondere sein:\n<ul>\n \t<li>Facebook<\/li>\n \t<li>Instagram<\/li>\n \t<li>Whatsapp<\/li>\n<\/ul>\nErst bei einem aktiven Klick auf die entsprechenden Buttons werden die Informationen an das soziale Netzwerk \u00fcbertragen. Dadurch wird sichergestellt, dass nicht schon beim Besuch unserer Seiten eine ungewollte und automatische Daten\u00fcbertragung an die entsprechenden sozialen Netzwerke erfolgt.\n<h3>Rechtsgrundlage<\/h3>\nDie Rechtsgrundlage f\u00fcr die Verarbeitung der Daten ist unser berechtigtes Interesse gem\u00e4\u00df Art. 6 Abs. 1 lit. f DSGVO, da wir Ihnen einen ansprechenden Internetauftritt sowie verschiedene zeitgem\u00e4\u00dfe Informations- und Interaktionsm\u00f6glichkeiten mit uns anbieten m\u00f6chten.\n<h2>Verlinkung<\/h2>\nAuf dieser Website k\u00f6nnen sich Links zu von anderen Unternehmen betriebenen Websites befinden; darunter z.B. auch Websites von sozialen Medien wie YouTube, Vimeo, Instagram oder Facebook.\n\nWenn Sie derartigen links folgen k\u00f6nnen Sie auf cookies sto\u00dfen, die nicht unserem Einflussbereich unterliegen. Daf\u00fcr k\u00f6nnen wir keine Haftung \u00fcbernehmen und wir verweisen auf die Datenschutzbestimmungen bzw. Cookie-Richtlinien der jeweiligen Websites.\n<h2>Cookies<\/h2>\nUm den Besuch unserer Webseite attraktiv zu gestalten und die Nutzung bestimmter Funktionen zu erm\u00f6glichen, verwenden wir sogenannte Cookies. Hierbei handelt es sich um kleine Textdateien, die auf Ihrem Endger\u00e4t gespeichert werden und bestimmte Informationen zum Austausch mit unserem System speichern.\n<h3>Cookie-Arten<\/h3>\nCookies von Erstanbietern \u2013 Notwendige Cookies\n\nDiese werden von unserer Website generiert und sind f\u00fcr den fehlerfreien Betrieb der Anwendung notwendig. Diese Cookies werden auch Session-Cookies bzw. transient genannt und werden nach Beendigung der Browser-Sitzung, also nach dem Schlie\u00dfen des Browsers, automatisch gel\u00f6scht.\n\nOhne diese Cookies ist der fehlerfreie Betrieb der Website nicht gew\u00e4hrleistet.\n<h4>Rechtsgrundlage<\/h4>\nRechtsgrundlage der Verarbeitung dieser Daten ist Art. 6 Absatz 1 Satz 1 lit. f DSGVO.\n<h3>Cookies von Drittanbietern<\/h3>\nDiese werden von verschiedenen Diensten (z.B. Analysediensten oder Facebook) gesetzt und speichern einen eindeutigen Bezeichner der ihr Endger\u00e4t beim n\u00e4chsten Besuch wiedererkennt (persistent Cookies).\n\nDiese Cookies verbleiben f\u00fcr eine vorgegebene Dauer auf ihrem Endger\u00e4t. Diese Dauer ist variabel.\n<h4>Rechtsgrundlage<\/h4>\n<span style=\"color: #333333;\">Rechtsgrundlage der Verarbeitung dieser Daten ist Art. 6 Absatz 1 Satz 1 lit. a DSGVO.<\/span>\n\n<span style=\"color: #333333;\">Wir weisen darauf hin, dass bei manchen Anbietern, insbesondere Anbietern aus den USA die M\u00f6glichkeit besteht, dass Daten in\u00a0<\/span><span style=\"color: #333333;\">die USA \u00fcbertragen werden und durch US-Beh\u00f6rden verarbeitet werden. Die USA gelten nach aktueller Rechtslage als\u00a0<\/span><span style=\"color: #333333;\">unsicheres Drittland mit unzureichendem Datenschutzniveau.<\/span>\n\n<span style=\"color: #333333;\">Zurzeit liegt kein Angemessenheitsbeschluss gem. Art. 45 DSGVO vor, noch k\u00f6nnen geeignete Garantien gem. Art. 46 DSGVO\u00a0<\/span><span style=\"color: #333333;\">angeboten werden. <\/span>\n\n<span style=\"color: #333333;\">Teilweise haben sich amerikanische Unternehmen dazu erkl\u00e4rt die Standardvertragsklauseln f\u00fcr die \u00dcbermittlung <\/span>personenbezogener Daten in\u00a0<span style=\"color: #333333;\">Drittl\u00e4nder nach der Richtlinie 95\/46\/EG (Standard Contractual Clauses &#8211; SCC) einzuhalten.<\/span>\n\n<span style=\"color: #333333;\">Wir weisen darauf hin, dass im Falle der Nichteinhaltung der vorerw\u00e4hnten Standardvertragsklauseln die Rechtsgrundlage Ihre ausdr\u00fcckliche Einwilligung, gem. Art. 49 Abs. 1 lit. a DSGVO <\/span><span style=\"color: #333333;\">ist.<\/span>\n<h3>Cookies deaktivieren<\/h3>\nBitte beachten Sie, dass bestimmte Cookies bereits gesetzt werden, sobald Sie unsere Webseite betreten.\n\nSie k\u00f6nnen Ihren Browser so einstellen, dass Sie \u00fcber das Setzen von Cookies informiert werden und einzeln \u00fcber deren Annahme entscheiden oder die Annahme von Cookies f\u00fcr bestimmte F\u00e4lle, insbesondere Cookies von Drittanbietern (Third Party Cookies) oder generell ausschlie\u00dfen k\u00f6nnen.\n\nBei Nichtannahme von Cookies kann die Funktionalit\u00e4t unserer Webseite f\u00fcr Sie eingeschr\u00e4nkt sein.\n<h3>Borlabs Cookie<\/h3>\nDiese Website verwendet Borlabs Cookie, dass ein technisch notwendige Cookie (borlabsCookie)setzt, um Ihre Cookie-Einwilligung zu speichern.\n\nBorlabs Cookie verarbeitet keinerlei personenbezogenen Daten.\n\nIm Cookie\u00a0borlabs-cookie\u00a0werden Ihre Einwilligungen gespeichert, die Sie beim Betreten der Website gegeben haben. M\u00f6chten Sie diese Einwilligungen widerrufen, l\u00f6schen Sie einfach das Cookie in Ihrem Browser. Wenn Sie die Website neu betreten\/neu laden, werden Sie erneut nach Ihrer Cookie-Einwilligung gefragt.\n<h3>Cookie-Einstellungen (borlabs)<\/h3>\n[borlabs-cookie type=&#8220;btn-cookie-preference&#8220; title=&#8220;Cookie Einstellungen&#8220;\/]\n<h3>Einwilligungshistorie (borlabs)<\/h3>\n<h4><strong>Ihre Einwilligungshistorie:<\/strong><\/h4>\n[borlabs-cookie type=&#8220;consent-history&#8220;\/]\n\nIm Falle von Nachfragen kontaktieren Sie uns bitte unter Bekanntgabe nachfolgender UID.\n\nUID: <strong> [borlabs-cookie type=&#8220;uid&#8220;\/]<\/strong>\n<h3>Cookie-List (borlabs)<\/h3>\n<strong>Wir verwenden folgende Cookies:<\/strong>\n\n[borlabs-cookie type=&#8220;cookie-list&#8220;\/]\n<h3>Google Tag Manager<\/h3>\nDiese Website verwendet den Google Tag Manger. Dieser Dienst wird angeboten von\u00a0Google Ireland Limited, Gordon House, Barrow Street, Dublin 4, Ireland (\u201eGoogle\u201c).\n\nUm Datenerfassungen zentral verwalten und konfigurieren zu k\u00f6nnen verwendet diese Webseite den Google Tag Manager. Durch diesen Dienst k\u00f6nnen Website-Tags \u00fcber eine Oberfl\u00e4che verwaltet werden.\n\nDer Google Tag Manager implementiert lediglich Tags. Das bedeutet: Es werden keine Cookies eingesetzt und es werden keine personenbezogenen Daten erfasst.\n\nDer Google Tag Manager l\u00f6st andere Tags aus, die wiederum ggf. personenbezogene Daten erfassen.\n\nDarauf wird hiermit gesondert hingewiesen. Jedoch greift der Google Tag Manager nicht auf diese Daten zu. Es werden also seitens des Google Tag Managers weder Daten erhoben oder gespeichert. Wurde auf Domain- oder Cookie-Ebene eine Deaktivierung vorgenommen, so bleibt sie f\u00fcr alle Tracking-Tags bestehen, insofern diese mit dem Google Tag Manager implementiert werden.\n\nWeitere Informationen dazu liefert Google hier:\n<a href=\"https:\/\/marketingplatform.google.com\/about\/analytics\/tag-manager\/use-policy\/\">https:\/\/marketingplatform.google.com\/about\/analytics\/tag-manager\/use-policy\/<\/a>\n<h3>Facebook-Pixel und Facebook Custom Audiences<\/h3>\nAuf unserer Webseite wird zum Zwecke der Analyse und Optimierung unserer Webseite das Facebook Conversion Tracking, das sog. \u201eFacebook-Pixel\u201c des sozialen Netzwerkes Facebook eingesetzt. Anbieter dieser Dienste ist Facebook Inc., 1 Hacker Way, Menlo Park, CA 94025, USA. Falls Sie in der EU ans\u00e4ssig sind, ist der Anbieter der Dienste Facebook Ireland Ltd., 4 Grand Canal Square, Grand Canal Harbour, Dublin 2, Irland (nachfolgend \u201eFacebook\u201c).\n\nDurch den Einsatz des Facebook-Pixels ist es Facebook zum einen m\u00f6glich, die Besucher unserer Webseite als potentielle Zielgruppe f\u00fcr die Darstellung von Anzeigen (sog. \u201eFacebook-Ads\u201c) zu identifizieren und zu bestimmen. Also setzen wir das Facebook-Pixel ein, um die durch uns geschalteten Facebook-Ads nur solchen Facebook-Nutzern anzuzeigen, die auch ein Interesse an unserer Webseite gezeigt haben oder die bestimmte Merkmale aufweisen (Interessen, die anhand besuchter Webseiten bestimmt werden etc.). Diese Informationen \u00fcbermitteln wir an Facebook und bilden dadurch sog. \u201eCustom Audiences\u201c. Durch die Nutzung des Facebook-Pixels m\u00f6chten wir vor allem auch erreichen, dass unsere Facebook-Ads dem potentiellen Interesse der Besucher entsprechen und nicht als Bel\u00e4stigung empfunden werden. Indem wir den Facebook-Pixel nutzen, k\u00f6nnen wir die Wirksamkeit der Facebook-Ads statistisch und zum Zwecke der Marktforschung nachvollziehen. Wir analysieren dabei, ob Besucher nach einem Klick auf eine Facebook-Ad auf unsere Webseite weitergeleitet werden, also ob eine sogenannte \u201eConversion\u201c stattfindet.\n\nWir weisen darauf hin, dass die M\u00f6glichkeit besteht, dass Daten in die USA \u00fcbertragen werden und durch US-Beh\u00f6rden verarbeitet werden. Die USA gelten nach aktueller Rechtslage als unsicheres Drittland mit unzureichendem Datenschutzniveau.\n\nZurzeit liegt kein Angemessenheitsbeschluss gem. Art. 45 DSGVO vor, noch k\u00f6nnen geeignete Garantien gem. Art. 46 DSGVO angeboten werden.\n\nZur Verarbeitung der Daten durch Facebook gibt es hier allgemeine Hinweise https:\/\/www.facebook.com\/policy.php.\n\nWeitere Informationen und Details zum Facebook-Pixel gibt es hier:\n<a href=\"http:\/\/www.facebook.com\/business\/help\/742478679120153\">www.facebook.com\/business\/help\/742478679120153<\/a>\n\nSie k\u00f6nnen der Erfassung durch den Facebook-Pixel und Verwendung Ihrer Daten zur Darstellung von Facebook-Ads widersprechen. Um einzustellen, welche Arten von Werbeanzeigen Ihnen innerhalb von Facebook angezeigt werden, k\u00f6nnen Sie die von Facebook eingerichtete Seite aufrufen und dort die Hinweise zu den Einstellungen nutzungsbasierter Werbung befolgen: <a href=\"https:\/\/www.facebook.com\/settings?tab=ads\">https:\/\/www.facebook.com\/settings?tab=ads<\/a> . Die Einstellungen erfolgen plattformunabh\u00e4ngig, d.h. sie werden f\u00fcr alle Ger\u00e4te, wie Desktopcomputer oder mobile Ger\u00e4te \u00fcbernommen.\n<h4>Rechtsgrundlage<\/h4>\nDie Rechtsgrundlage f\u00fcr diese Verarbeitung der Daten ist Ihre Einwilligung gem. Art. 6 Abs. 1 lit. a DSGVO sowie Ihre ausdr\u00fcckliche Einwilligung gem. Art. 49 Abs. 1 lit. a DSGVO.\n<h3>YouTube<\/h3>\nUnsere Website nutzt YouTube-Funktionen. Wenn Sie unsere Seite besuchen, wird eine Verbindung zu den Servern von YouTube hergestellt. Dabei wird dem YouTube-Server \u00fcbermittelt, welche unserer Seiten Sie besucht haben. Wenn Sie in Ihrem YouTube-Konto angemeldet sind, geben Sie YouTube die M\u00f6glichkeit, Ihr Benutzerverhalten direkt Ihrem pers\u00f6nlichen YouTube-Profil zuzuordnen. Indem Sie sich aus Ihrem YouTube-Konto ausloggen, k\u00f6nnen Sie dies vermeiden.\n\n\u00dcber die weitere Verarbeitung und \u00fcber die Dauer der Speicherung haben wir keine Kenntnis.\n\nBetreiber des Dienstes ist die Google LLC, D\/B\/A YouTube, 901 Cherry Ave., San Bruno, CA 94066, USA.\n\nWir weisen darauf hin, dass die M\u00f6glichkeit besteht, dass Daten in die USA \u00fcbertragen werden und durch US-Beh\u00f6rden verarbeitet werden. Die USA gelten nach aktueller Rechtslage als unsicheres Drittland mit unzureichendem Datenschutzniveau.\n\nZurzeit liegt kein Angemessenheitsbeschluss gem. Art. 45 DSGVO vor.\n\nGoogle hat sich jedoch dazu verpflichtet die\u00a0Standardvertragsklauseln f\u00fcr die \u00dcbermittlung personenbezogener Daten in Drittl\u00e4nder nach der Richtlinie 95\/46\/EG\u00a0(Standard Contractual Clauses &#8211; SCC) einzuhalten.\n\nN\u00e4here Informationen zu den Standardvertragsklauseln erhalten Sie unter\n<a href=\"https:\/\/ec.europa.eu\/info\/law\/law-topic\/data-protection\/international-dimension-data-protection\/standard-contractual-clauses-scc_de\">https:\/\/ec.europa.eu\/info\/law\/law-topic\/data-protection\/international-dimension-data-protection\/standard-contractual-clauses-scc_de<\/a>\nsowie unter\u00a0<a href=\"https:\/\/policies.google.com\/privacy\/frameworks?hl=de\">https:\/\/policies.google.com\/privacy\/frameworks?hl=de<\/a>\n\nWeitere Informationen zur Behandlung von Benutzerdaten durch YouTube finden Sie in der Datenschutzerkl\u00e4rung von YouTube unter: <a href=\"https:\/\/www.google.de\/intl\/de\/policies\/privacy\">https:\/\/www.google.de\/intl\/de\/policies\/privacy<\/a>\n<h4>Rechtsgrundlage<\/h4>\nDie Rechtsgrundlage f\u00fcr diese Verarbeitung der Daten ist Ihre Einwilligung gem. Art. 6 Abs. 1 lit. a DSGVO.\t\t\t\t\t\t\t\t<\/div>\n\t\t\t\t<\/div>\n\t\t\t\t\t<\/div>\n\t\t\t\t<\/div>\n\t\t\t\t<\/div>\n\t\t","protected":false},"excerpt":{"rendered":"<p>Datenschutz nach Artikel 13 DSGVO Wir freuen uns \u00fcber Ihr Interesse an unserem Internetauftritt. Das Vertrauen aller Besucher und Kunden, die Sicherheit Ihrer Daten und der Schutz Ihrer Privatsph\u00e4re sind f\u00fcr uns von zentraler Bedeutung. Ihre personenbezogenen Daten werden von uns daher gem\u00e4\u00df den g\u00fcltigen gesetzlichen Datenschutzvorschriften und dieser Datenschutzerkl\u00e4rung behandelt. Personenbezogene Daten sind Informationen, [&hellip;]<\/p>\n","protected":false},"author":1,"featured_media":0,"parent":0,"menu_order":0,"comment_status":"closed","ping_status":"open","template":"","meta":{"footnotes":""},"class_list":["post-3","page","type-page","status-publish","hentry"],"_links":{"self":[{"href":"https:\/\/academy.novogenia.com\/de\/wp-json\/wp\/v2\/pages\/3","targetHints":{"allow":["GET"]}}],"collection":[{"href":"https:\/\/academy.novogenia.com\/de\/wp-json\/wp\/v2\/pages"}],"about":[{"href":"https:\/\/academy.novogenia.com\/de\/wp-json\/wp\/v2\/types\/page"}],"author":[{"embeddable":true,"href":"https:\/\/academy.novogenia.com\/de\/wp-json\/wp\/v2\/users\/1"}],"replies":[{"embeddable":true,"href":"https:\/\/academy.novogenia.com\/de\/wp-json\/wp\/v2\/comments?post=3"}],"version-history":[{"count":7,"href":"https:\/\/academy.novogenia.com\/de\/wp-json\/wp\/v2\/pages\/3\/revisions"}],"predecessor-version":[{"id":766,"href":"https:\/\/academy.novogenia.com\/de\/wp-json\/wp\/v2\/pages\/3\/revisions\/766"}],"wp:attachment":[{"href":"https:\/\/academy.novogenia.com\/de\/wp-json\/wp\/v2\/media?parent=3"}],"curies":[{"name":"wp","href":"https:\/\/api.w.org\/{rel}","templated":true}]}}